{"id":2181,"date":"2018-11-08T12:53:47","date_gmt":"2018-11-08T11:53:47","guid":{"rendered":"http:\/\/frugaard.byraetdev.no\/?page_id=2181"},"modified":"2024-10-15T22:34:08","modified_gmt":"2024-10-15T20:34:08","slug":"vinkart","status":"publish","type":"page","link":"https:\/\/frugaard.no\/en\/vinkart\/","title":{"rendered":"Map of wines"},"content":{"rendered":"<div data-elementor-type=\"wp-page\" data-elementor-id=\"2181\" class=\"elementor elementor-2181\" data-elementor-post-type=\"page\">\n\t\t\t\t<div class=\"elementor-element elementor-element-43c691ee e-flex e-con-boxed e-con e-parent\" data-id=\"43c691ee\" data-element_type=\"container\" data-settings=\"{&quot;background_background&quot;:&quot;classic&quot;}\">\n\t\t\t\t\t<div class=\"e-con-inner\">\n\t\t\t\t<div class=\"elementor-element elementor-element-28d9f9c3 elementor-widget elementor-widget-heading\" data-id=\"28d9f9c3\" data-element_type=\"widget\" data-widget_type=\"heading.default\">\n\t\t\t\t<div class=\"elementor-widget-container\">\n\t\t\t\t\t<h2 class=\"elementor-heading-title elementor-size-default\">Map of wines<\/h2>\t\t\t\t<\/div>\n\t\t\t\t<\/div>\n\t\t\t\t<div class=\"elementor-element elementor-element-d8a3f17 elementor-widget elementor-widget-text-editor\" data-id=\"d8a3f17\" data-element_type=\"widget\" data-widget_type=\"text-editor.default\">\n\t\t\t\t<div class=\"elementor-widget-container\">\n\t\t\t\t\t\t\t\t\t<p style=\"text-align: center;\"><span style=\"color: rgb(255, 255, 255); font-family: var( --e-global-typography-text-font-family ), Sans-serif; font-weight: var( --e-global-typography-text-font-weight ); font-size: 1rem;\">Do you want to order food or reserve a table?&nbsp;<br><\/span><span style=\"font-family: var( --e-global-typography-text-font-family ), Sans-serif; font-weight: var( --e-global-typography-text-font-weight ); font-size: 1rem; color: rgb(255, 255, 255);\">Call&nbsp;<\/span><span style=\"font-family: var( --e-global-typography-text-font-family ), Sans-serif; font-size: 1rem; font-weight: bolder; color: rgb(255, 255, 255);\"><a style=\"color: #ffffff;\" href=\"tel:+4753410534\">53 41 05 34<\/a><\/span><\/p>\t\t\t\t\t\t\t\t<\/div>\n\t\t\t\t<\/div>\n\t\t\t\t\t<\/div>\n\t\t\t\t<\/div>\n\t\t<div class=\"elementor-element elementor-element-5a12a62 e-flex e-con-boxed e-con e-parent\" data-id=\"5a12a62\" data-element_type=\"container\">\n\t\t\t\t\t<div class=\"e-con-inner\">\n\t\t\t\t<div class=\"elementor-element elementor-element-7befcef elementor-widget elementor-widget-spacer\" data-id=\"7befcef\" data-element_type=\"widget\" data-widget_type=\"spacer.default\">\n\t\t\t\t<div class=\"elementor-widget-container\">\n\t\t\t\t\t\t\t<div class=\"elementor-spacer\">\n\t\t\t<div class=\"elementor-spacer-inner\"><\/div>\n\t\t<\/div>\n\t\t\t\t\t\t<\/div>\n\t\t\t\t<\/div>\n\t\t\t\t\t<\/div>\n\t\t\t\t<\/div>\n\t\t<div class=\"elementor-element elementor-element-51b7bc80 e-flex e-con-boxed e-con e-parent\" data-id=\"51b7bc80\" data-element_type=\"container\">\n\t\t\t\t\t<div class=\"e-con-inner\">\n\t\t\t\t<div class=\"elementor-element elementor-element-d85474 elementor-widget elementor-widget-eael-adv-tabs\" data-id=\"d85474\" data-element_type=\"widget\" data-widget_type=\"eael-adv-tabs.default\">\n\t\t\t\t<div class=\"elementor-widget-container\">\n\t\t\t\t\t        <div data-scroll-on-click=\"no\" data-scroll-speed=\"300\" id=\"eael-advance-tabs-d85474\" class=\"eael-advance-tabs eael-tabs-horizontal eael-tab-auto-active  active-caret-on\" data-tabid=\"d85474\">\n            <div class=\"eael-tabs-nav\">\n                <ul class=\"\" role=\"tablist\">\n                                            <li id=\"raudvin\" class=\"inactive eael-tab-item-trigger eael-tab-nav-item\" aria-selected=\"true\" data-tab=\"1\" role=\"tab\" tabindex=\"0\" aria-controls=\"raudvin-tab\" aria-expanded=\"false\">\n                            \n                            \n                            \n                                                            <span class=\"eael-tab-title title-after-icon\" >RAUDVIN<\/span>                                                    <\/li>\n                                            <li id=\"kvitvin\" class=\"inactive eael-tab-item-trigger eael-tab-nav-item\" aria-selected=\"false\" data-tab=\"2\" role=\"tab\" tabindex=\"-1\" aria-controls=\"kvitvin-tab\" aria-expanded=\"false\">\n                            \n                            \n                            \n                                                            <span class=\"eael-tab-title title-after-icon\" >WHITEVIEWIN<\/span>                                                    <\/li>\n                                            <li id=\"rosvin\" class=\"inactive eael-tab-item-trigger eael-tab-nav-item\" aria-selected=\"false\" data-tab=\"3\" role=\"tab\" tabindex=\"-1\" aria-controls=\"rosvin-tab\" aria-expanded=\"false\">\n                            \n                            \n                            \n                                                            <span class=\"eael-tab-title title-after-icon\" >ROS\u00c8VIN<\/span>                                                    <\/li>\n                                            <li id=\"musserande\" class=\"inactive eael-tab-item-trigger eael-tab-nav-item\" aria-selected=\"false\" data-tab=\"4\" role=\"tab\" tabindex=\"-1\" aria-controls=\"musserande-tab\" aria-expanded=\"false\">\n                            \n                            \n                            \n                                                            <span class=\"eael-tab-title title-after-icon\" >MUSSERANDE<\/span>                                                    <\/li>\n                                    <\/ul>\n            <\/div>\n            \n            <div class=\"eael-tabs-content\">\n\t\t        \n                    <div id=\"raudvin-tab\" class=\"clearfix eael-tab-content-item inactive\" data-title-link=\"raudvin-tab\">\n\t\t\t\t        <h4 style=\"text-align: center;\">\u00a0<\/h4><div class=\"menu-item\" style=\"text-align: center;\"><div class=\"item-description\"><h4 class=\"entry-title\"><span class=\"item-title\"><span style=\"color: #f8e3ae;\">MARGU\u00c9S DE CAC\u00c9RES RESERVA<\/span><br \/><\/span><em>760,-<\/em><\/h4><p class=\"p1\">\u00a0A powerful and well-balanced Rioja wine<br \/>with deep red color<\/p><\/div><\/div><div class=\"menu-item\" style=\"text-align: center;\"><div class=\"item-description\"><h4 class=\"entry-title\"><span class=\"item-title\"><span style=\"color: #f8e3ae;\"><strong>CAP ROYAL<\/strong><\/span><br \/><\/span><em>660,-<\/em><\/h4><p class=\"p1\">A dry, medium-bodied red wine<br \/>which has a comfortable structure, France<\/p><\/div><\/div><div class=\"menu-item\" style=\"text-align: center;\"><div class=\"item-description\"><h4 class=\"entry-title\"><span class=\"item-title\"><br \/><span style=\"color: #f8e3ae;\"><strong>PINOT NOIR, <br \/>VILLA WOLF\u00a0<\/strong><\/span><br \/><\/span><em>660,-<\/em><\/h4><p class=\"p1\">A delicious everyday pinot for all wine lovers, Germany<\/p><\/div><\/div><div class=\"menu-item\" style=\"text-align: center;\"><div class=\"item-description\"><h4 class=\"entry-title\"><span class=\"item-title\"><strong><span style=\"color: #f8e3ae;\">\u00a0AMARONE DEL VALPANTENA NA TORRE DEL FALASCO\u00a0<\/span><br \/><\/strong><\/span><em>980,-<\/em><\/h4><p class=\"p1\">A rich wine with a taste of dried fruit, Italy<\/p><\/div><\/div><div class=\"menu-item\" style=\"text-align: center;\"><div class=\"item-description\"><h4>\u00a0<\/h4><h4 class=\"entry-title\"><span class=\"item-title\"><span style=\"color: #f8e3ae;\">BARBERA D`ALBA, <\/span><br \/><span style=\"color: #f8e3ae;\">DOC GIACOSA\u00a0<\/span><br \/><\/span><em>650,-<\/em><\/h4><p class=\"p1\">A rich red wine that is rich in flavor<br \/>with a tight and dry finish Italy<\/p><\/div><\/div><div class=\"menu-item\" style=\"text-align: center;\"><div class=\"item-description\"><h4 class=\"entry-title\"><span class=\"item-title\"><span style=\"color: #f8e3ae;\">VALPOLICELLA CASA DEI RETI<\/span><br \/><\/span><em>620,-<\/em><\/h4><p class=\"p1\">A light fresh and juicy red wine, Italy<\/p><h4 class=\"entry-title\" style=\"text-align: center;\">\u00a0<\/h4><\/div><\/div><div class=\"menu-item\"><div class=\"item-description\"><h4 class=\"entry-title\" style=\"text-align: center;\"><span class=\"item-title\"><span style=\"color: #f8e3ae;\">VALPOLICCELLA RIPASSO ANTICHE TERRE\u00a0<\/span><br \/><\/span><em>720,-<\/em><\/h4><p class=\"p1\" style=\"text-align: center;\">A wine based on soft and ripe fruit<br \/>with a fine acid, Italy<\/p><p>\u00a0<\/p><h4 class=\"entry-title\" style=\"text-align: center;\"><span class=\"item-title\"><span style=\"color: #f8e3ae;\">1 GLAS HUSETS RAUDVIN<\/span><\/span><\/h4><h4 class=\"entry-title\" style=\"text-align: center;\"><em>114,-<\/em><\/h4><h4 class=\"entry-title\" style=\"text-align: center;\"><span class=\"item-title\"><span style=\"color: #f8e3ae;\">1 GLAS VALPOLICELLA<\/span><\/span><\/h4><h4 class=\"entry-title\" style=\"text-align: center;\"><em>130,-<\/em><\/h4><\/div><\/div>                    <\/div>\n\t\t        \n                    <div id=\"kvitvin-tab\" class=\"clearfix eael-tab-content-item inactive\" data-title-link=\"kvitvin-tab\">\n\t\t\t\t        <h4 style=\"text-align: center;\">\u00a0<\/h4><div class=\"menu-item\"><div class=\"item-description\"><div class=\"menu-item\" style=\"text-align: center;\"><div class=\"item-description\"><h4 class=\"entry-title\"><span class=\"item-title\"><span style=\"color: #f8e3ae;\">GRAD FIEF DE LA COMERAIE MUSCADET<\/span><br \/><\/span><em>645,-<\/em><\/h4><p class=\"p1\">A Classical Muscadet<br \/>suitable for all fish and shellfish dishes, France<\/p><\/div><\/div><div class=\"menu-item\" style=\"text-align: center;\"><div class=\"item-description\"><h4>\u00a0<\/h4><h4 class=\"entry-title\"><span class=\"item-title\"><span style=\"color: #f8e3ae;\">LUPI REALI CHARDONNAY ORGANIC\u00a0<\/span><br \/><\/span><em>545,-<\/em><\/h4><p class=\"p1\">A light and fresh organic white wine, Italy<\/p><h4 class=\"entry-title\"><span class=\"item-title\"><span style=\"color: #f8e3ae;\">RIESLING DRY VILLA WOLF\u00a0<\/span><br \/><\/span><em>525,-<\/em><\/h4><p class=\"p1\">A dry, fresh and fruity wine<br \/>citrus, mineral and plum flavor, Germany<\/p><\/div><\/div><div class=\"menu-item\" style=\"text-align: center;\"><div class=\"item-description\"><h4 class=\"entry-title\"><span class=\"item-title\"><span style=\"color: #f8e3ae;\">CASTILLO DE MOLINA GRAN RESERVA CHARDONNAY <\/span><span style=\"color: #f8e3ae;\">\u00a0<\/span><br \/><\/span><em>695,-<\/em><\/h4><p class=\"p1\">A fresh wine, with a complex combination<br \/>of minerals and tropical fruits, Chile<\/p><\/div><\/div><div class=\"menu-item\"><div class=\"item-description\"><h4 class=\"entry-title\" style=\"text-align: center;\"><span class=\"item-title\"><span style=\"color: #f8e3ae;\">CHABLIS, LOUIS ROBIN<\/span><br \/><\/span><em>745,-<\/em><\/h4><p class=\"p1\" style=\"text-align: center;\">A light white wine that is fruity concentrated<br \/>and with good freshness, France.<\/p><p>\u00a0<\/p><h4 class=\"entry-title\" style=\"text-align: center;\"><span class=\"item-title\"><span style=\"color: #f8e3ae;\">1 GLAS HUSETS QUAVIN<\/span><br \/><\/span><em>114,-<\/em><\/h4><h4 class=\"entry-title\" style=\"text-align: center;\"><span class=\"item-title\"><span style=\"color: #f8e3ae;\">1 GLAS CHABLIS <\/span><\/span><em>145,-<\/em><\/h4><\/div><\/div><\/div><\/div>                    <\/div>\n\t\t        \n                    <div id=\"rosvin-tab\" class=\"clearfix eael-tab-content-item inactive\" data-title-link=\"rosvin-tab\">\n\t\t\t\t        <h4>\u00a0<\/h4><div class=\"menu-item\" style=\"text-align: center;\"><div class=\"item-description\"><h4 class=\"entry-title\"><span class=\"item-title\"><span style=\"color: #f8e3ae;\">PINOT NOIR VILLA WOLF ROS\u00c9,<\/span><br \/><\/span><em>550,-<\/em><\/h4><p class=\"p1\">A dry ros\u00e9 wine with a little sweetness,<br \/>fresh berries and long, fresh finish, Germany<\/p><h4 class=\"entry-title\"><span class=\"item-title\"><span style=\"color: #f8e3ae;\">1 GLAS <\/span><\/span><span class=\"item-title\"><span style=\"color: #f8e3ae;\">ROS\u00c9<\/span><\/span><span class=\"item-title\"><span style=\"color: #f8e3ae;\">Win <\/span><\/span><em>114,-<\/em><\/h4><\/div><\/div>                    <\/div>\n\t\t        \n                    <div id=\"musserande-tab\" class=\"clearfix eael-tab-content-item inactive\" data-title-link=\"musserande-tab\">\n\t\t\t\t        <h4>\u00a0<\/h4><div class=\"menu-item\"><div class=\"item-description\"><div class=\"menu-item\"><div class=\"item-description\"><h4>\u00a0<\/h4><\/div><\/div><div class=\"menu-item\" style=\"text-align: center;\"><div class=\"item-description\"><h4><span style=\"color: #f8e3ae;\">CREMANT BRUT VILLA BORDEAUX<\/span><br \/><em>595,-<\/em><\/h4><\/div><\/div><div class=\"menu-item\"><div class=\"item-description\"><h4 style=\"text-align: center;\"><span style=\"color: #f8e3ae;\">PROSECCO ORGANIC CARTEMISIA<\/span><span style=\"color: #f8e3ae;\"><br \/><\/span><em>620,-<\/em><\/h4><h4 style=\"text-align: center;\"><span style=\"color: #f8e3ae;\">1 GLAS PROSECCO<br \/><\/span><em>114,-<\/em><\/h4><p style=\"text-align: center;\">\u00a0<\/p><\/div><\/div><\/div><\/div>                    <\/div>\n\t\t                    <\/div>\n        <\/div>\n\t\t\t\t<\/div>\n\t\t\t\t<\/div>\n\t\t\t\t\t<\/div>\n\t\t\t\t<\/div>\n\t\t<div class=\"elementor-element elementor-element-98e445e e-flex e-con-boxed e-con e-parent\" data-id=\"98e445e\" data-element_type=\"container\">\n\t\t\t\t\t<div class=\"e-con-inner\">\n\t\t\t\t<div class=\"elementor-element elementor-element-646e373 elementor-widget elementor-widget-spacer\" data-id=\"646e373\" data-element_type=\"widget\" data-widget_type=\"spacer.default\">\n\t\t\t\t<div class=\"elementor-widget-container\">\n\t\t\t\t\t\t\t<div class=\"elementor-spacer\">\n\t\t\t<div class=\"elementor-spacer-inner\"><\/div>\n\t\t<\/div>\n\t\t\t\t\t\t<\/div>\n\t\t\t\t<\/div>\n\t\t\t\t\t<\/div>\n\t\t\t\t<\/div>\n\t\t\t\t<\/div>","protected":false},"excerpt":{"rendered":"<p>Do you want to order food or reserve a table?\u00a0Call 53 41 05 34 RAUDVIN KVITVIN ROS\u00c8VIN MUSSERANDE MARGU\u00c9S DE CAC\u00c9RES RESERVA760,- A powerful and well balanced Rioja wine with deep red color [...]<\/p>","protected":false},"author":1,"featured_media":1913,"parent":0,"menu_order":0,"comment_status":"closed","ping_status":"closed","template":"","meta":{"_EventAllDay":false,"_EventTimezone":"","_EventStartDate":"","_EventEndDate":"","_EventStartDateUTC":"","_EventEndDateUTC":"","_EventShowMap":false,"_EventShowMapLink":false,"_EventURL":"","_EventCost":"","_EventCostDescription":"","_EventCurrencySymbol":"","_EventCurrencyCode":"","_EventCurrencyPosition":"","_EventDateTimeSeparator":"","_EventTimeRangeSeparator":"","_EventOrganizerID":[],"_EventVenueID":[],"_OrganizerEmail":"","_OrganizerPhone":"","_OrganizerWebsite":"","_VenueAddress":"","_VenueCity":"","_VenueCountry":"","_VenueProvince":"","_VenueState":"","_VenueZip":"","_VenuePhone":"","_VenueURL":"","_VenueStateProvince":"","_VenueLat":"","_VenueLng":"","_VenueShowMap":false,"_VenueShowMapLink":false,"footnotes":""},"class_list":["post-2181","page","type-page","status-publish","has-post-thumbnail","hentry"],"_links":{"self":[{"href":"https:\/\/frugaard.no\/en\/wp-json\/wp\/v2\/pages\/2181","targetHints":{"allow":["GET"]}}],"collection":[{"href":"https:\/\/frugaard.no\/en\/wp-json\/wp\/v2\/pages"}],"about":[{"href":"https:\/\/frugaard.no\/en\/wp-json\/wp\/v2\/types\/page"}],"author":[{"embeddable":true,"href":"https:\/\/frugaard.no\/en\/wp-json\/wp\/v2\/users\/1"}],"replies":[{"embeddable":true,"href":"https:\/\/frugaard.no\/en\/wp-json\/wp\/v2\/comments?post=2181"}],"version-history":[{"count":171,"href":"https:\/\/frugaard.no\/en\/wp-json\/wp\/v2\/pages\/2181\/revisions"}],"predecessor-version":[{"id":6829,"href":"https:\/\/frugaard.no\/en\/wp-json\/wp\/v2\/pages\/2181\/revisions\/6829"}],"wp:featuredmedia":[{"embeddable":true,"href":"https:\/\/frugaard.no\/en\/wp-json\/wp\/v2\/media\/1913"}],"wp:attachment":[{"href":"https:\/\/frugaard.no\/en\/wp-json\/wp\/v2\/media?parent=2181"}],"curies":[{"name":"wp","href":"https:\/\/api.w.org\/{rel}","templated":true}]}}