{"id":2549,"date":"2018-12-17T15:53:53","date_gmt":"2018-12-17T14:53:53","guid":{"rendered":"http:\/\/frugaard.byraetdev.no\/?page_id=2549"},"modified":"2019-12-11T12:05:51","modified_gmt":"2019-12-11T11:05:51","slug":"personvernerklaering","status":"publish","type":"page","link":"https:\/\/frugaard.no\/en\/personvernerklaering\/","title":{"rendered":"Privacy Policy"},"content":{"rendered":"<p>[vc_row][vc_column][vc_column_text]Fr\u00e5 mai 2018 er det eit krav om informasjonsplikt ved innsamling av opplysningar fr\u00e5 personar som registrerar seg p\u00e5 nett (ref. Personopplysningslova \u00a7 19).<\/p>\n<p>This declaration contains information about what information we collect and how it is processed (see section 18, first paragraph, of the Personal Data Act).<\/p>\n<p><strong>Bakery Frug\u00e5rd AS<\/strong>, by the general manager, the data controller for the company's processing of personal data.<\/p>\n<p>On this website, personal data is collected through the following tools:<\/p>\n<ul class=\"list\">\n<li>Google Analytics (Visitor Analysis and Statistics)<\/li>\n<li>Google Maps (location data)<\/li>\n<li>Google Web Fonts (Visitor Data)<\/li>\n<li>Youtube (Visitor Data, View Data)<\/li>\n<\/ul>\n<p><strong>What is a \"Cookie\"?<\/strong><\/p>\n<p>A cookie is a technology used by most websites. It is a small text file that is stored on your device and may contain different information about your use of the website. For example, it can remember your login, which settings you have enabled on the website, which pages you visit on our website, which links you click on and the like.<\/p>\n<p><strong>Visitor analysis and statistics<\/strong><\/p>\n<p>Google Analytics is a tool for analysing the traffic on our website, provided by Google Inc (\"Google\"). The tool uses cookies to analyze how the user uses our website. This information is stored on Google servers in the United States.<\/p>\n<p>Google compiles reports based on this information and uses it to evaluate the use of the website. The information may be shared with third parties if required by law, or in cases where third parties process information on behalf of Google.<\/p>\n<p>IP addresses collected by Google Analytics are anonymized and cannot be traced back to the user.<\/p>\n<p><a href=\"https:\/\/policies.google.com\/privacy\" target=\"_blank\" rel=\"noopener noreferrer\">Read more about how Google handles data here.<\/a><\/p>\n<p>The company Agency Design &amp; Profiling AS has access to our Google Analytics data through the operation and development of the website.<\/p>\n<p><strong>Google Web Fonts<\/strong><\/p>\n<p>In order to ensure an equal display of fonts on all devices, this website uses fonts adapted for web use provided by Google. When you open a page with us, your browser will load the fonts you need to properly display the page for your cache.<\/p>\n<p>In order to do this, your browser must establish a contact with Google servers. Through this, Google will be informed that your IP address has visited our website. This is not information that we have access to.<\/p>\n<p>We use Google Web Fonts to provide an equal display of the text on our site, as well as aesthetic reasons. If your browser does not support web fonts, a default font from your device will be used by your browser.<\/p>\n<p><a href=\"https:\/\/developers.google.com\/fonts\/faq\" target=\"_blank\" rel=\"noopener noreferrer\">Read more about Google Web Font's handling of data here.<\/a><\/p>\n<p><a href=\"https:\/\/policies.google.com\/privacy\" target=\"_blank\" rel=\"noopener noreferrer\">And how Google generally handles data here.<\/a><\/p>\n<p><strong>Location data<\/strong><\/p>\n<p>Our website uses Google Maps to show our location. Google Maps may collect information about the user, such as location and IP address.<\/p>\n<p>Information collected by Google Maps is stored on Google servers in the United States, which we do not have access to.<\/p>\n<p><a href=\"https:\/\/policies.google.com\/privacy\" target=\"_blank\" rel=\"noopener noreferrer\">Read more about how Google handles data here.<\/a><\/p>\n<p><strong>Video view<\/strong><\/p>\n<p>We use Youtube to display films on our website. These collect information such as your IP address, the browser you are using, technical information about your device and the time you visit the site.<\/p>\n<p>Information collected by Youtube is stored on Google servers in the United States, and we do not have access to these.<\/p>\n<p><a href=\"https:\/\/policies.google.com\/privacy\" target=\"_blank\" rel=\"noopener noreferrer\">Read more about how YouTube handles data here.<\/a><\/p>\n<p><strong>Generally<\/strong><\/p>\n<p>The companies Agency Design &amp; Profiling AS and Digital Ocean, LLC. have access to personal data stored on our server through the operation, development and maintenance of the website.<\/p>\n<p>The personal data stored on our web server is covered by the same security measures as the rest of the website.<\/p>\n<h5>For questions or requests for access, correction or deletion, please contact:<\/h5>\n<p>Geir Kannel\u00f8nning<\/p>\n<p>General Manager, Bakeriet Frug\u00e5rd<\/p>\n<p><a href=\"tel:+4753410534\">53 41 05 34<\/a><\/p>\n<p><a href=\"mailto:frugaard@frugaard.no\">frugaard@frugaard.no<\/a>[\/vc_column_text][\/vc_column][\/vc_row]<\/p>","protected":false},"excerpt":{"rendered":"<p>[vc_row][vc_column][vc_column_text]Fr\u00e5 mai 2018 er det eit krav om informasjonsplikt ved innsamling av opplysningar fr\u00e5 personar som registrerar seg p\u00e5 nett (ref. Personopplysningslova \u00a7 19). Denne erkl\u00e6ringa inneheld informasjon om kva [&hellip;]<\/p>","protected":false},"author":1,"featured_media":0,"parent":0,"menu_order":0,"comment_status":"closed","ping_status":"closed","template":"","meta":{"_EventAllDay":false,"_EventTimezone":"","_EventStartDate":"","_EventEndDate":"","_EventStartDateUTC":"","_EventEndDateUTC":"","_EventShowMap":false,"_EventShowMapLink":false,"_EventURL":"","_EventCost":"","_EventCostDescription":"","_EventCurrencySymbol":"","_EventCurrencyCode":"","_EventCurrencyPosition":"","_EventDateTimeSeparator":"","_EventTimeRangeSeparator":"","_EventOrganizerID":[],"_EventVenueID":[],"_OrganizerEmail":"","_OrganizerPhone":"","_OrganizerWebsite":"","_VenueAddress":"","_VenueCity":"","_VenueCountry":"","_VenueProvince":"","_VenueState":"","_VenueZip":"","_VenuePhone":"","_VenueURL":"","_VenueStateProvince":"","_VenueLat":"","_VenueLng":"","_VenueShowMap":false,"_VenueShowMapLink":false,"footnotes":""},"class_list":["post-2549","page","type-page","status-publish","hentry"],"_links":{"self":[{"href":"https:\/\/frugaard.no\/en\/wp-json\/wp\/v2\/pages\/2549","targetHints":{"allow":["GET"]}}],"collection":[{"href":"https:\/\/frugaard.no\/en\/wp-json\/wp\/v2\/pages"}],"about":[{"href":"https:\/\/frugaard.no\/en\/wp-json\/wp\/v2\/types\/page"}],"author":[{"embeddable":true,"href":"https:\/\/frugaard.no\/en\/wp-json\/wp\/v2\/users\/1"}],"replies":[{"embeddable":true,"href":"https:\/\/frugaard.no\/en\/wp-json\/wp\/v2\/comments?post=2549"}],"version-history":[{"count":5,"href":"https:\/\/frugaard.no\/en\/wp-json\/wp\/v2\/pages\/2549\/revisions"}],"predecessor-version":[{"id":3561,"href":"https:\/\/frugaard.no\/en\/wp-json\/wp\/v2\/pages\/2549\/revisions\/3561"}],"wp:attachment":[{"href":"https:\/\/frugaard.no\/en\/wp-json\/wp\/v2\/media?parent=2549"}],"curies":[{"name":"wp","href":"https:\/\/api.w.org\/{rel}","templated":true}]}}